{"id":19,"date":"2014-11-05T22:58:39","date_gmt":"2014-11-05T21:58:39","guid":{"rendered":"http:\/\/themedemos.webmandesign.eu\/modern\/?page_id=19"},"modified":"2025-11-21T14:06:34","modified_gmt":"2025-11-21T13:06:34","slug":"about","status":"publish","type":"page","link":"https:\/\/manufakturapieroga.pl\/?page_id=19","title":{"rendered":"Oferta"},"content":{"rendered":"\n\t<h1>Oferta<\/h1>\n\tSpotkania biznesowe, wa\u017cne rodzinne uroczysto\u015bci lub spotkanie z przyjaci\u00f3\u0142mi?<br \/>\nW Manufakturze Pieroga ka\u017cde wydarzenie nabiera wyj\u0105tkowego charakteru!\n\t<h2>Specjalne okazje<\/h2>\n<p>Jubileusze, wa\u017cne wydarzenia w \u017cyciu rodziny, przyjaci\u00f3\u0142 i znajomych. Chrzciny, pierwsza komunia \u015bwi\u0119ta, rocznice \u015blubu &#8211; podkre\u015bleniem ich rangi b\u0119dzie z pewno\u015bci\u0105 uroczysty obiad lub kolacja. W naszej restauracji zadbamy o ka\u017cdy szczeg\u00f3\u0142, przygotujemy specjalne menu i zapewnimy doskona\u0142\u0105 opraw\u0119.<\/p>\n<p>&nbsp;<\/p>\n\t\t\t\t<a href=\"http:\/\/manufakturapieroga.pl\/wp-content\/uploads\/2019\/10\/IMG_9114-2.jpg\" target=\"_self\" itemprop=\"url\" rel=\"noopener\">\n\t\t\t\t<img loading=\"lazy\" decoding=\"async\" src=\"http:\/\/manufakturapieroga.pl\/wp-content\/uploads\/2019\/10\/IMG_9114-2.jpg\" alt=\"IMG_9114-2\" itemprop=\"image\" height=\"480\" width=\"720\" title=\"IMG_9114-2\" onerror=\"this.style.display='none'\"  \/>\n\t\t\t\t<\/a>\n\t\t\t\t<a href=\"http:\/\/manufakturapieroga.pl\/wp-content\/uploads\/2019\/10\/IMG_9789.jpg\" target=\"_self\" itemprop=\"url\" rel=\"noopener\">\n\t\t\t\t<img loading=\"lazy\" decoding=\"async\" src=\"http:\/\/manufakturapieroga.pl\/wp-content\/uploads\/2019\/10\/IMG_9789.jpg\" alt=\"IMG_9789\" itemprop=\"image\" height=\"1280\" width=\"1920\" title=\"IMG_9789\" onerror=\"this.style.display='none'\"  \/>\n\t\t\t\t<\/a>\n\t<h2>Catering<\/h2>\n<p>Nasza restauracja pomaga w zorganizowaniu wszelkiego rodzaju przyj\u0119\u0107 w ka\u017cdym wskazanym przez Pa\u0144stwa miejscu. Przygotowujemy potrawy na spotkania rodzinne i firmowe. Pomagamy w doborze odpowiedniego menu adekwatnego do okazji, miejsca i zaproszonych Go\u015bci. Dla naszych klient\u00f3w biznesowych mamy bogat\u0105 ofert\u0119 lunchow\u0105. \u015awie\u017ce produkty, sprawdzone receptury &#8211; posi\u0142ki zdrowe i smaczne.<\/p>\n<p>&nbsp;<\/p>\n\t<h2>Spotkania biznesowe<\/h2>\n<p>Do poufnych negocjacji serwujemy dodatkowo kameralno\u015b\u0107 i dyskrecj\u0119. Sukcesy w biznesie wspieramy kulinarnymi. Zapewnimy doskona\u0142e trunki i atmosfer\u0119 adekwatn\u0105 do rangi spotkania. W naszej restauracji rozmowy z kontrahentami wykwintne obiady i bale firmowe s\u0105 dope\u0142nieniem biznesowych relacji pracy lub \u015bwi\u0119towania.<\/p>\n<p>&nbsp;<\/p>\n\t\t\t\t<a href=\"http:\/\/manufakturapieroga.pl\/wp-content\/uploads\/2019\/10\/IMG_9855.jpg\" target=\"_self\" itemprop=\"url\" rel=\"noopener\">\n\t\t\t\t<img loading=\"lazy\" decoding=\"async\" src=\"http:\/\/manufakturapieroga.pl\/wp-content\/uploads\/2019\/10\/IMG_9855.jpg\" alt=\"IMG_9855\" itemprop=\"image\" height=\"1920\" width=\"1280\" title=\"IMG_9855\" onerror=\"this.style.display='none'\"  \/>\n\t\t\t\t<\/a>\n\t\t\t\t<a href=\"http:\/\/manufakturapieroga.pl\/wp-content\/uploads\/2019\/10\/IMG_9363.jpg\" target=\"_self\" itemprop=\"url\" rel=\"noopener\">\n\t\t\t\t<img loading=\"lazy\" decoding=\"async\" src=\"http:\/\/manufakturapieroga.pl\/wp-content\/uploads\/2019\/10\/IMG_9363.jpg\" alt=\"IMG_9363\" itemprop=\"image\" height=\"1080\" width=\"1920\" title=\"IMG_9363\" onerror=\"this.style.display='none'\"  \/>\n\t\t\t\t<\/a>\n\t<h2>Spotkania w plenerze<\/h2>\n<p>Rodzinne pikniki i firmowe spotkania integracyjne pod go\u0142ym niebem. Wielkie grillowanie i suto zastawione sto\u0142y w\u015br\u00f3d drzew. Doskona\u0142e aromaty i smaki potraw w plenerowej scenerii. Zorganizujemy ka\u017cde przyj\u0119cie w Parku Zdrojowym Mateczny.<\/p>\n<p><a title=\"Back to top\" href=\"#\">\u00a0<\/a><\/p>\n","protected":false},"excerpt":{"rendered":"<div class=\"link-more\"><a href=\"https:\/\/manufakturapieroga.pl\/?page_id=19\" class=\"more-link\">Continue reading<span class=\"screen-reader-text\"> &ldquo;Oferta&rdquo;<\/span>&hellip;<\/a><\/div>\n","protected":false},"author":6,"featured_media":0,"parent":0,"menu_order":5,"comment_status":"closed","ping_status":"closed","template":"page-template\/_fullwidth.php","meta":{"footnotes":""},"class_list":["post-19","page","type-page","status-publish","hentry","entry"],"_links":{"self":[{"href":"https:\/\/manufakturapieroga.pl\/index.php?rest_route=\/wp\/v2\/pages\/19","targetHints":{"allow":["GET"]}}],"collection":[{"href":"https:\/\/manufakturapieroga.pl\/index.php?rest_route=\/wp\/v2\/pages"}],"about":[{"href":"https:\/\/manufakturapieroga.pl\/index.php?rest_route=\/wp\/v2\/types\/page"}],"author":[{"embeddable":true,"href":"https:\/\/manufakturapieroga.pl\/index.php?rest_route=\/wp\/v2\/users\/6"}],"replies":[{"embeddable":true,"href":"https:\/\/manufakturapieroga.pl\/index.php?rest_route=%2Fwp%2Fv2%2Fcomments&post=19"}],"version-history":[{"count":18,"href":"https:\/\/manufakturapieroga.pl\/index.php?rest_route=\/wp\/v2\/pages\/19\/revisions"}],"predecessor-version":[{"id":2527,"href":"https:\/\/manufakturapieroga.pl\/index.php?rest_route=\/wp\/v2\/pages\/19\/revisions\/2527"}],"wp:attachment":[{"href":"https:\/\/manufakturapieroga.pl\/index.php?rest_route=%2Fwp%2Fv2%2Fmedia&parent=19"}],"curies":[{"name":"wp","href":"https:\/\/api.w.org\/{rel}","templated":true}]}}