{"id":245,"date":"2014-11-05T21:30:44","date_gmt":"2014-11-05T21:30:44","guid":{"rendered":"http:\/\/themedemos.webmandesign.eu\/modern\/?page_id=2"},"modified":"2026-02-06T19:31:15","modified_gmt":"2026-02-06T18:31:15","slug":"sample-page-2","status":"publish","type":"page","link":"https:\/\/manufakturapieroga.pl\/","title":{"rendered":"Strona g\u0142\u00f3wna"},"content":{"rendered":"\n<a href=\"https:\/\/kiermaszswiateczny.pl\/\" target=\"_self\" rel=\"noopener\">\n\t\t\t\t\t\t\tKIERMASZ WIELKANOCNY\n\t\t\t\t\t<\/a>\n\t<h1>Lunch dnia &#8211; menu dost\u0119pne na naszym <a href=\"https:\/\/www.facebook.com\/profile.php?id=100063712953456\">fb<\/a><\/h1>\n<h3><strong>512 302 407<\/strong><\/h3>\n<p><a href=\"https:\/\/www.facebook.com\/profile.php?id=100063712953456\"><strong>https:\/\/www.facebook.com\/profile.php?id=100063712953456<\/strong><\/a><\/p>\n<p>Lunche dost\u0119pne s\u0105 od wtorku do pi\u0105tku od 11-16<\/p>\nZestaw zupa + drugie danie &#8211; <strong>39,- PLN<br \/>\n<\/strong>Zupa solo &#8211; <strong>15<\/strong><strong>,- PLN<\/strong><br \/>\nDrugie danie &#8211; <strong>29,-PLN<br \/>\n<\/strong>Torba papierowa <strong>0,50 PLN<\/strong><br \/>\nLunchbox zupa <strong>0,50 PLN<\/strong><br \/>\nLunchbox drugie danie <strong>0,50 PLN<br \/>\n<\/strong>\n\t<h2>Mamy pierogi jakich nie ma nikt inny<\/h2>\n<p>Kuchnia polska i zagraniczne inspiracje, kt\u00f3re sprawiaj\u0105, \u017ce mamy najwi\u0119kszy wyb\u00f3r pierog\u00f3w w Krakowie! U nas spr\u00f3bujesz tradycyjnych da\u0144, nacieszysz podniebienie niecodziennymi deserami i wy\u015bmienit\u0105 kaw\u0105. Manufaktura to miejsce z dusz\u0105, kt\u00f3re pozwoli Ci nie tylko dobrze zje\u015b\u0107, ale r\u00f3wnie\u017c rewelacyjnie sp\u0119dzi\u0107 czas z najbli\u017cszymi.<\/p>\n<h2>Zielona przestrze\u0144<br \/>\nParku Zdrojowego Mateczny<\/h2>\n<p>Nasza restauracja po\u0142o\u017cona jest w parku, kt\u00f3ry zapewnia odpoczynek od zgie\u0142ku miasta. W otoczeniu przyrody mo\u017cna nie tylko zje\u015b\u0107 wy\u015bmienity posi\u0142ek, ale przede wszystkim nacieszy\u0107 si\u0119 spokojem i obcowaniem na \u0142onie natury.<\/p>\n\t\t\t\t<a href=\"https:\/\/manufakturapieroga.pl\/wp-content\/uploads\/2019\/10\/Pierogi-209.jpg\" target=\"_self\" itemprop=\"url\" rel=\"noopener\">\n\t\t\t\t<img decoding=\"async\" src=\"http:\/\/manufakturapieroga.pl\/wp-content\/uploads\/2019\/10\/Pierogi-209.jpg\" alt=\"Pierogi-209\" itemprop=\"image\" title=\"Pierogi-209\" onerror=\"this.style.display='none'\" loading=\"lazy\" \/>\n\t\t\t\t<\/a>\n\t\t\t\t<a href=\"https:\/\/manufakturapieroga.pl\/wp-content\/uploads\/2019\/10\/IMG_7404.jpg\" target=\"_self\" itemprop=\"url\" rel=\"noopener\">\n\t\t\t\t<img decoding=\"async\" src=\"http:\/\/manufakturapieroga.pl\/wp-content\/uploads\/2019\/10\/IMG_7404.jpg\" alt=\"IMG_7404\" itemprop=\"image\" title=\"IMG_7404\" onerror=\"this.style.display='none'\" loading=\"lazy\" \/>\n\t\t\t\t<\/a>\n\t\t\t\t<a href=\"https:\/\/manufakturapieroga.pl\/wp-content\/uploads\/2019\/10\/IMG_7293.jpg\" target=\"_self\" itemprop=\"url\" rel=\"noopener\">\n\t\t\t\t<img decoding=\"async\" src=\"http:\/\/manufakturapieroga.pl\/wp-content\/uploads\/2019\/10\/IMG_7293.jpg\" alt=\"IMG_7293\" itemprop=\"image\" title=\"IMG_7293\" onerror=\"this.style.display='none'\" loading=\"lazy\" \/>\n\t\t\t\t<\/a>\n\t\t\t\t<a href=\"https:\/\/manufakturapieroga.pl\/wp-content\/uploads\/2019\/10\/IMG_3708.jpg\" target=\"_self\" itemprop=\"url\" rel=\"noopener\">\n\t\t\t\t<img decoding=\"async\" src=\"http:\/\/manufakturapieroga.pl\/wp-content\/uploads\/2019\/10\/IMG_3708.jpg\" alt=\"Na zewnatrz\" itemprop=\"image\" title=\"Na zewnatrz\" onerror=\"this.style.display='none'\" loading=\"lazy\" \/>\n\t\t\t\t<\/a>\n\t\t\t\t<a href=\"https:\/\/manufakturapieroga.pl\/wp-content\/uploads\/2019\/10\/IMG_3307.jpg\" target=\"_self\" itemprop=\"url\" rel=\"noopener\">\n\t\t\t\t<img decoding=\"async\" src=\"http:\/\/manufakturapieroga.pl\/wp-content\/uploads\/2019\/10\/IMG_3307.jpg\" alt=\"IMG_3307\" itemprop=\"image\" title=\"IMG_3307\" onerror=\"this.style.display='none'\" loading=\"lazy\" \/>\n\t\t\t\t<\/a>\n\t\t\t\t<a href=\"https:\/\/manufakturapieroga.pl\/wp-content\/uploads\/2019\/10\/IMG_8165.jpg\" target=\"_self\" itemprop=\"url\" rel=\"noopener\">\n\t\t\t\t<img decoding=\"async\" src=\"http:\/\/manufakturapieroga.pl\/wp-content\/uploads\/2019\/10\/IMG_8165.jpg\" alt=\"IMG_8165\" itemprop=\"image\" title=\"IMG_8165\" onerror=\"this.style.display='none'\" loading=\"lazy\" \/>\n\t\t\t\t<\/a>\n\t\t\t\t<a href=\"https:\/\/manufakturapieroga.pl\/wp-content\/uploads\/2019\/10\/IMG_3701.jpg\" target=\"_self\" itemprop=\"url\" rel=\"noopener\">\n\t\t\t\t<img decoding=\"async\" src=\"http:\/\/manufakturapieroga.pl\/wp-content\/uploads\/2019\/10\/IMG_3701.jpg\" alt=\"IMG_3701\" itemprop=\"image\" title=\"IMG_3701\" onerror=\"this.style.display='none'\" loading=\"lazy\" \/>\n\t\t\t\t<\/a>\n\t\t\t\t<a href=\"https:\/\/manufakturapieroga.pl\/wp-content\/uploads\/2019\/10\/IMG_8149.jpg\" target=\"_self\" itemprop=\"url\" rel=\"noopener\">\n\t\t\t\t<img decoding=\"async\" src=\"http:\/\/manufakturapieroga.pl\/wp-content\/uploads\/2019\/10\/IMG_8149.jpg\" alt=\"IMG_8149\" itemprop=\"image\" title=\"IMG_8149\" onerror=\"this.style.display='none'\" loading=\"lazy\" \/>\n\t\t\t\t<\/a>\n\t\t\t\t<a href=\"https:\/\/manufakturapieroga.pl\/wp-content\/uploads\/2019\/10\/untitled-8701-Edit.jpg\" target=\"_self\" itemprop=\"url\" rel=\"noopener\">\n\t\t\t\t<img decoding=\"async\" src=\"http:\/\/manufakturapieroga.pl\/wp-content\/uploads\/2019\/10\/untitled-8701-Edit.jpg\" alt=\"untitled-8701-Edit\" itemprop=\"image\" title=\"untitled-8701-Edit\" onerror=\"this.style.display='none'\" loading=\"lazy\" \/>\n\t\t\t\t<\/a>\n","protected":false},"excerpt":{"rendered":"<div class=\"entry-summary\">\nKIERMASZ WIELKANOCNY Lunch dnia &#8211; menu dost\u0119pne na naszym fb 512 302&hellip;\n<\/div>\n<div class=\"link-more\"><a href=\"https:\/\/manufakturapieroga.pl\/\" class=\"more-link\">Continue reading<span class=\"screen-reader-text\"> &ldquo;Strona g\u0142\u00f3wna&rdquo;<\/span>&hellip;<\/a><\/div>\n","protected":false},"author":6,"featured_media":0,"parent":0,"menu_order":6,"comment_status":"closed","ping_status":"closed","template":"page-template\/_fullwidth.php","meta":{"footnotes":""},"class_list":["post-245","page","type-page","status-publish","hentry","entry"],"_links":{"self":[{"href":"https:\/\/manufakturapieroga.pl\/index.php?rest_route=\/wp\/v2\/pages\/245","targetHints":{"allow":["GET"]}}],"collection":[{"href":"https:\/\/manufakturapieroga.pl\/index.php?rest_route=\/wp\/v2\/pages"}],"about":[{"href":"https:\/\/manufakturapieroga.pl\/index.php?rest_route=\/wp\/v2\/types\/page"}],"author":[{"embeddable":true,"href":"https:\/\/manufakturapieroga.pl\/index.php?rest_route=\/wp\/v2\/users\/6"}],"replies":[{"embeddable":true,"href":"https:\/\/manufakturapieroga.pl\/index.php?rest_route=%2Fwp%2Fv2%2Fcomments&post=245"}],"version-history":[{"count":392,"href":"https:\/\/manufakturapieroga.pl\/index.php?rest_route=\/wp\/v2\/pages\/245\/revisions"}],"predecessor-version":[{"id":2553,"href":"https:\/\/manufakturapieroga.pl\/index.php?rest_route=\/wp\/v2\/pages\/245\/revisions\/2553"}],"wp:attachment":[{"href":"https:\/\/manufakturapieroga.pl\/index.php?rest_route=%2Fwp%2Fv2%2Fmedia&parent=245"}],"curies":[{"name":"wp","href":"https:\/\/api.w.org\/{rel}","templated":true}]}}